{"id":7,"date":"2023-12-04T09:08:07","date_gmt":"2023-12-04T08:08:07","guid":{"rendered":"https:\/\/www.xn--schlmmkreide-jcb.info\/?page_id=7"},"modified":"2025-11-12T11:22:09","modified_gmt":"2025-11-12T10:22:09","slug":"schlaemmkreide","status":"publish","type":"page","link":"https:\/\/www.xn--schlmmkreide-jcb.info\/","title":{"rendered":"purux Calcium"},"content":{"rendered":"<h3 data-start=\"556\" data-end=\"990\">Willkommen auf unserer purux Calcium Infoseite<\/h3>\n<p data-start=\"556\" data-end=\"990\">Hier dreht sich alles um Calcium (fr\u00fcher bekannt als purux Schl\u00e4mmkreide) in seiner reinsten Form. Auf dieser Seite erf\u00e4hrst du, was Calciumcarbonat (CaCO\u2083) ist, wie es entsteht, wie es verwendet wird und warum purux Calcium als Schl\u00e4mmkreide in Lebensmittelqualit\u00e4t so besonders ist.<br data-start=\"652\" data-end=\"655\" \/>Ob in Lebensmitteln, Kosmetik, Haushalt oder Garten \u2013 purux Calcium \u00fcberzeugt durch Reinheit, Vielseitigkeit und Nachhaltigkeit.<\/p>\n<h4 data-start=\"800\" data-end=\"829\">Tradition trifft Moderne<\/h4>\n<p data-start=\"831\" data-end=\"1268\">Schon seit der Antike wird Calcium, auch bekannt als Schl\u00e4mmkreide, vielseitig genutzt \u2013 etwa als Farbpigment, in der Heilkunde oder bei der Herstellung von Kosmetik und Keramik.<br data-start=\"1017\" data-end=\"1020\" \/>Die wei\u00dfen Kreidefelsen von R\u00fcgen und die Klippen von Dover sind bis heute Sinnbilder f\u00fcr Reinheit und Nat\u00fcrlichkeit.<br data-start=\"1145\" data-end=\"1148\" \/>Diese lange Tradition f\u00fchren wir mit purux Calcium fort \u2013 modern, gepr\u00fcft und in Lebensmittelqualit\u00e4t.<\/p>\n<h4 data-start=\"1412\" data-end=\"1471\">purux Calcium\u00a0 in Lebensmittelqualit\u00e4t<\/h4>\n<p data-start=\"1473\" data-end=\"1727\">purux Calcium (fr\u00fcher bekannt als purux Schl\u00e4mmkreide) ist ein reines Naturprodukt aus Calciumcarbonat.<br data-start=\"1506\" data-end=\"1509\" \/>Das wertvolle Mineral stammt aus hochwertigem Kalkstein, wird besonders fein gemahlen und hat Lebensmittelqualit\u00e4t E170.<\/p>\n<p data-start=\"1473\" data-end=\"1727\">Es ist geeignet zur Herstellung von Lebensmitteln mit folgenden Eigenschaften:<\/p>\n<ul>\n<li>Calcium wird f\u00fcr die Erhaltung normaler Knochen ben\u00f6tigt<\/li>\n<li>Calcium wird f\u00fcr die Erhaltung normaler Z\u00e4hne ben\u00f6tigt<\/li>\n<li>Calcium tr\u00e4gt zu einer normalen Muskelfunktion bei<\/li>\n<li>Calcium tr\u00e4gt zu einer normalen Blutgerinnung bei<\/li>\n<li>Calcium tr\u00e4gt zur normalen Funktion von Verdauungsenzymen bei<\/li>\n<\/ul>\n<p data-start=\"1234\" data-end=\"1450\">So kannst du purux Calcium vielseitig verwenden \u2013 ob in der K\u00fcche, bei DIY-Projekten oder in der nat\u00fcrlichen Pflege.<br data-start=\"1366\" data-end=\"1369\" \/>Ein Mineral aus der Natur, das Reinheit, Qualit\u00e4t und N\u00e4hrwert in sich vereint.<\/p>\n<h4 data-start=\"1734\" data-end=\"1762\">Was ist purux Calcium?<\/h4>\n<p data-start=\"1766\" data-end=\"2071\">purux Calcium stammt aus nat\u00fcrlichem Kalkstein, einem Gestein mit hohem Anteil an Calciumcarbonat (CaCO\u2083).<br data-start=\"1884\" data-end=\"1887\" \/>Wir verarbeiten es schonend und ohne chemische Zus\u00e4tze.<br data-start=\"1946\" data-end=\"1949\" \/>Das Ergebnis ist ein naturreines Produkt, das sich f\u00fcr viele Anwendungen eignet \u2013 ob in K\u00fcche, Kosmetik oder Garten.<\/p>\n<p data-start=\"2073\" data-end=\"2292\">Du kennst es vielleicht unter anderen Namen: Calcium, Kalzium, Calciumcarbonat, Kalk oder Schl\u00e4mmkreide.<br data-start=\"2197\" data-end=\"2200\" \/>Alle bezeichnen dasselbe nat\u00fcrliche Mineral, das Menschen seit Jahrhunderten sch\u00e4tzen.<\/p>\n<h4 data-start=\"2159\" data-end=\"2193\">Auf dieser Seite erf\u00e4hrst du<\/h4>\n<ul data-start=\"2195\" data-end=\"2465\">\n<li data-start=\"2195\" data-end=\"2237\">\n<p data-start=\"2197\" data-end=\"2237\">wie <strong data-start=\"2201\" data-end=\"2230\">purux Calcium hergestellt<\/strong> wird<\/p>\n<\/li>\n<li data-start=\"2303\" data-end=\"2346\">\n<p data-start=\"2305\" data-end=\"2346\">wie du es im <strong data-start=\"2318\" data-end=\"2337\">Alltag nutzen <\/strong>kannst<\/p>\n<\/li>\n<li data-start=\"2347\" data-end=\"2401\">\n<p data-start=\"2349\" data-end=\"2401\">spannende <strong data-start=\"2359\" data-end=\"2399\">Fakten, Mythen und Hintergrundwissen<\/strong><\/p>\n<\/li>\n<li data-start=\"2402\" data-end=\"2465\">\n<p data-start=\"2404\" data-end=\"2465\">sowie alle <strong data-start=\"2415\" data-end=\"2440\">wichtigen Zertifikate<\/strong> zur gepr\u00fcften Qualit\u00e4t<\/p>\n<\/li>\n<\/ul>\n<p data-start=\"2472\" data-end=\"2720\">purux Calcium steht f\u00fcr nat\u00fcrliche Herkunft, reine Qualit\u00e4t und zahlreiche Einsatzm\u00f6glichkeiten \u2013 ideal f\u00fcr alle, die Wert auf Nachhaltigkeit und Klarheit legen.<\/p>\n<p data-start=\"2472\" data-end=\"2720\">So verbindet purux Calcium Tradition mit moderner Qualit\u00e4t \u2013 ein Mineral mit Geschichte, das heute aktueller ist denn je.<\/p>\n<p>&nbsp;<\/p>\n","protected":false},"excerpt":{"rendered":"<p>Willkommen auf unserer purux Calcium Infoseite Hier dreht sich alles um Calcium (fr\u00fcher bekannt als purux Schl\u00e4mmkreide) in seiner reinsten Form. Auf dieser Seite erf\u00e4hrst du, was Calciumcarbonat (CaCO\u2083) ist, wie es entsteht, wie es verwendet wird und warum purux Calcium als Schl\u00e4mmkreide in Lebensmittelqualit\u00e4t so besonders ist.Ob in Lebensmitteln, Kosmetik, Haushalt oder Garten \u2013 [&hellip;]<\/p>\n","protected":false},"author":2,"featured_media":8,"parent":0,"menu_order":0,"comment_status":"closed","ping_status":"closed","template":"","meta":{"footnotes":""},"class_list":["post-7","page","type-page","status-publish","has-post-thumbnail","czr-hentry"],"yoast_head":"<!-- This site is optimized with the Yoast SEO plugin v25.8 - https:\/\/yoast.com\/wordpress\/plugins\/seo\/ -->\n<title>purux Calcium - schl\u00e4mmkreide.info<\/title>\n<meta name=\"description\" content=\"purux Calcium \u2013 reines Calciumcarbonat in Lebensmittelqualit\u00e4t. Nat\u00fcrlich, vielseitig und nachhaltig \u2013 Herstellung, Wirkung und Anwendung.\" \/>\n<meta name=\"robots\" content=\"noindex, follow, max-snippet:-1, max-image-preview:large, max-video-preview:-1\" \/>\n<meta property=\"og:locale\" content=\"de_DE\" \/>\n<meta property=\"og:type\" content=\"article\" \/>\n<meta property=\"og:title\" content=\"purux Calcium - schl\u00e4mmkreide.info\" \/>\n<meta property=\"og:description\" content=\"purux Calcium \u2013 reines Calciumcarbonat in Lebensmittelqualit\u00e4t. Nat\u00fcrlich, vielseitig und nachhaltig \u2013 Herstellung, Wirkung und Anwendung.\" \/>\n<meta property=\"og:url\" content=\"https:\/\/www.xn--schlmmkreide-jcb.info\/\" \/>\n<meta property=\"og:site_name\" content=\"schl\u00e4mmkreide.info\" \/>\n<meta property=\"article:modified_time\" content=\"2025-11-12T10:22:09+00:00\" \/>\n<meta property=\"og:image\" content=\"http:\/\/www.xn--schlmmkreide-jcb.info\/wp-content\/uploads\/2023\/12\/AdobeStock_574837544-scaled.jpeg\" \/>\n\t<meta property=\"og:image:width\" content=\"2560\" \/>\n\t<meta property=\"og:image:height\" content=\"1709\" \/>\n\t<meta property=\"og:image:type\" content=\"image\/jpeg\" \/>\n<meta name=\"twitter:card\" content=\"summary_large_image\" \/>\n<meta name=\"twitter:label1\" content=\"Gesch\u00e4tzte Lesezeit\" \/>\n\t<meta name=\"twitter:data1\" content=\"3\u00a0Minuten\" \/>\n<script type=\"application\/ld+json\" class=\"yoast-schema-graph\">{\"@context\":\"https:\/\/schema.org\",\"@graph\":[{\"@type\":\"WebPage\",\"@id\":\"https:\/\/www.xn--schlmmkreide-jcb.info\/\",\"url\":\"https:\/\/www.xn--schlmmkreide-jcb.info\/\",\"name\":\"purux Calcium - schl\u00e4mmkreide.info\",\"isPartOf\":{\"@id\":\"https:\/\/www.xn--schlmmkreide-jcb.info\/#website\"},\"primaryImageOfPage\":{\"@id\":\"https:\/\/www.xn--schlmmkreide-jcb.info\/#primaryimage\"},\"image\":{\"@id\":\"https:\/\/www.xn--schlmmkreide-jcb.info\/#primaryimage\"},\"thumbnailUrl\":\"https:\/\/www.xn--schlmmkreide-jcb.info\/wp-content\/uploads\/2023\/12\/AdobeStock_574837544-scaled.jpeg\",\"datePublished\":\"2023-12-04T08:08:07+00:00\",\"dateModified\":\"2025-11-12T10:22:09+00:00\",\"description\":\"purux Calcium \u2013 reines Calciumcarbonat in Lebensmittelqualit\u00e4t. Nat\u00fcrlich, vielseitig und nachhaltig \u2013 Herstellung, Wirkung und Anwendung.\",\"breadcrumb\":{\"@id\":\"https:\/\/www.xn--schlmmkreide-jcb.info\/#breadcrumb\"},\"inLanguage\":\"de\",\"potentialAction\":[{\"@type\":\"ReadAction\",\"target\":[\"https:\/\/www.xn--schlmmkreide-jcb.info\/\"]}]},{\"@type\":\"ImageObject\",\"inLanguage\":\"de\",\"@id\":\"https:\/\/www.xn--schlmmkreide-jcb.info\/#primaryimage\",\"url\":\"https:\/\/www.xn--schlmmkreide-jcb.info\/wp-content\/uploads\/2023\/12\/AdobeStock_574837544-scaled.jpeg\",\"contentUrl\":\"https:\/\/www.xn--schlmmkreide-jcb.info\/wp-content\/uploads\/2023\/12\/AdobeStock_574837544-scaled.jpeg\",\"width\":2560,\"height\":1709,\"caption\":\"purux Calcium\"},{\"@type\":\"BreadcrumbList\",\"@id\":\"https:\/\/www.xn--schlmmkreide-jcb.info\/#breadcrumb\",\"itemListElement\":[{\"@type\":\"ListItem\",\"position\":1,\"name\":\"Startseite\",\"item\":\"https:\/\/www.xn--schlmmkreide-jcb.info\/\"},{\"@type\":\"ListItem\",\"position\":2,\"name\":\"purux Calcium\"}]},{\"@type\":\"WebSite\",\"@id\":\"https:\/\/www.xn--schlmmkreide-jcb.info\/#website\",\"url\":\"https:\/\/www.xn--schlmmkreide-jcb.info\/\",\"name\":\"schl\u00e4mmkreide.info\",\"description\":\"\",\"publisher\":{\"@id\":\"https:\/\/www.xn--schlmmkreide-jcb.info\/#organization\"},\"potentialAction\":[{\"@type\":\"SearchAction\",\"target\":{\"@type\":\"EntryPoint\",\"urlTemplate\":\"https:\/\/www.xn--schlmmkreide-jcb.info\/?s={search_term_string}\"},\"query-input\":{\"@type\":\"PropertyValueSpecification\",\"valueRequired\":true,\"valueName\":\"search_term_string\"}}],\"inLanguage\":\"de\"},{\"@type\":\"Organization\",\"@id\":\"https:\/\/www.xn--schlmmkreide-jcb.info\/#organization\",\"name\":\"schl\u00e4mmkreide.info\",\"url\":\"https:\/\/www.xn--schlmmkreide-jcb.info\/\",\"logo\":{\"@type\":\"ImageObject\",\"inLanguage\":\"de\",\"@id\":\"https:\/\/www.xn--schlmmkreide-jcb.info\/#\/schema\/logo\/image\/\",\"url\":\"https:\/\/www.xn--schlmmkreide-jcb.info\/wp-content\/uploads\/2023\/12\/logo_purux_4c_international.png\",\"contentUrl\":\"https:\/\/www.xn--schlmmkreide-jcb.info\/wp-content\/uploads\/2023\/12\/logo_purux_4c_international.png\",\"width\":3702,\"height\":1909,\"caption\":\"schl\u00e4mmkreide.info\"},\"image\":{\"@id\":\"https:\/\/www.xn--schlmmkreide-jcb.info\/#\/schema\/logo\/image\/\"}}]}<\/script>\n<!-- \/ Yoast SEO plugin. -->","yoast_head_json":{"title":"purux Calcium - schl\u00e4mmkreide.info","description":"purux Calcium \u2013 reines Calciumcarbonat in Lebensmittelqualit\u00e4t. Nat\u00fcrlich, vielseitig und nachhaltig \u2013 Herstellung, Wirkung und Anwendung.","robots":{"index":"noindex","follow":"follow","max-snippet":"max-snippet:-1","max-image-preview":"max-image-preview:large","max-video-preview":"max-video-preview:-1"},"og_locale":"de_DE","og_type":"article","og_title":"purux Calcium - schl\u00e4mmkreide.info","og_description":"purux Calcium \u2013 reines Calciumcarbonat in Lebensmittelqualit\u00e4t. Nat\u00fcrlich, vielseitig und nachhaltig \u2013 Herstellung, Wirkung und Anwendung.","og_url":"https:\/\/www.xn--schlmmkreide-jcb.info\/","og_site_name":"schl\u00e4mmkreide.info","article_modified_time":"2025-11-12T10:22:09+00:00","og_image":[{"width":2560,"height":1709,"url":"http:\/\/www.xn--schlmmkreide-jcb.info\/wp-content\/uploads\/2023\/12\/AdobeStock_574837544-scaled.jpeg","type":"image\/jpeg"}],"twitter_card":"summary_large_image","twitter_misc":{"Gesch\u00e4tzte Lesezeit":"3\u00a0Minuten"},"schema":{"@context":"https:\/\/schema.org","@graph":[{"@type":"WebPage","@id":"https:\/\/www.xn--schlmmkreide-jcb.info\/","url":"https:\/\/www.xn--schlmmkreide-jcb.info\/","name":"purux Calcium - schl\u00e4mmkreide.info","isPartOf":{"@id":"https:\/\/www.xn--schlmmkreide-jcb.info\/#website"},"primaryImageOfPage":{"@id":"https:\/\/www.xn--schlmmkreide-jcb.info\/#primaryimage"},"image":{"@id":"https:\/\/www.xn--schlmmkreide-jcb.info\/#primaryimage"},"thumbnailUrl":"https:\/\/www.xn--schlmmkreide-jcb.info\/wp-content\/uploads\/2023\/12\/AdobeStock_574837544-scaled.jpeg","datePublished":"2023-12-04T08:08:07+00:00","dateModified":"2025-11-12T10:22:09+00:00","description":"purux Calcium \u2013 reines Calciumcarbonat in Lebensmittelqualit\u00e4t. Nat\u00fcrlich, vielseitig und nachhaltig \u2013 Herstellung, Wirkung und Anwendung.","breadcrumb":{"@id":"https:\/\/www.xn--schlmmkreide-jcb.info\/#breadcrumb"},"inLanguage":"de","potentialAction":[{"@type":"ReadAction","target":["https:\/\/www.xn--schlmmkreide-jcb.info\/"]}]},{"@type":"ImageObject","inLanguage":"de","@id":"https:\/\/www.xn--schlmmkreide-jcb.info\/#primaryimage","url":"https:\/\/www.xn--schlmmkreide-jcb.info\/wp-content\/uploads\/2023\/12\/AdobeStock_574837544-scaled.jpeg","contentUrl":"https:\/\/www.xn--schlmmkreide-jcb.info\/wp-content\/uploads\/2023\/12\/AdobeStock_574837544-scaled.jpeg","width":2560,"height":1709,"caption":"purux Calcium"},{"@type":"BreadcrumbList","@id":"https:\/\/www.xn--schlmmkreide-jcb.info\/#breadcrumb","itemListElement":[{"@type":"ListItem","position":1,"name":"Startseite","item":"https:\/\/www.xn--schlmmkreide-jcb.info\/"},{"@type":"ListItem","position":2,"name":"purux Calcium"}]},{"@type":"WebSite","@id":"https:\/\/www.xn--schlmmkreide-jcb.info\/#website","url":"https:\/\/www.xn--schlmmkreide-jcb.info\/","name":"schl\u00e4mmkreide.info","description":"","publisher":{"@id":"https:\/\/www.xn--schlmmkreide-jcb.info\/#organization"},"potentialAction":[{"@type":"SearchAction","target":{"@type":"EntryPoint","urlTemplate":"https:\/\/www.xn--schlmmkreide-jcb.info\/?s={search_term_string}"},"query-input":{"@type":"PropertyValueSpecification","valueRequired":true,"valueName":"search_term_string"}}],"inLanguage":"de"},{"@type":"Organization","@id":"https:\/\/www.xn--schlmmkreide-jcb.info\/#organization","name":"schl\u00e4mmkreide.info","url":"https:\/\/www.xn--schlmmkreide-jcb.info\/","logo":{"@type":"ImageObject","inLanguage":"de","@id":"https:\/\/www.xn--schlmmkreide-jcb.info\/#\/schema\/logo\/image\/","url":"https:\/\/www.xn--schlmmkreide-jcb.info\/wp-content\/uploads\/2023\/12\/logo_purux_4c_international.png","contentUrl":"https:\/\/www.xn--schlmmkreide-jcb.info\/wp-content\/uploads\/2023\/12\/logo_purux_4c_international.png","width":3702,"height":1909,"caption":"schl\u00e4mmkreide.info"},"image":{"@id":"https:\/\/www.xn--schlmmkreide-jcb.info\/#\/schema\/logo\/image\/"}}]}},"_links":{"self":[{"href":"https:\/\/www.xn--schlmmkreide-jcb.info\/index.php\/wp-json\/wp\/v2\/pages\/7","targetHints":{"allow":["GET"]}}],"collection":[{"href":"https:\/\/www.xn--schlmmkreide-jcb.info\/index.php\/wp-json\/wp\/v2\/pages"}],"about":[{"href":"https:\/\/www.xn--schlmmkreide-jcb.info\/index.php\/wp-json\/wp\/v2\/types\/page"}],"author":[{"embeddable":true,"href":"https:\/\/www.xn--schlmmkreide-jcb.info\/index.php\/wp-json\/wp\/v2\/users\/2"}],"replies":[{"embeddable":true,"href":"https:\/\/www.xn--schlmmkreide-jcb.info\/index.php\/wp-json\/wp\/v2\/comments?post=7"}],"version-history":[{"count":7,"href":"https:\/\/www.xn--schlmmkreide-jcb.info\/index.php\/wp-json\/wp\/v2\/pages\/7\/revisions"}],"predecessor-version":[{"id":145,"href":"https:\/\/www.xn--schlmmkreide-jcb.info\/index.php\/wp-json\/wp\/v2\/pages\/7\/revisions\/145"}],"wp:featuredmedia":[{"embeddable":true,"href":"https:\/\/www.xn--schlmmkreide-jcb.info\/index.php\/wp-json\/wp\/v2\/media\/8"}],"wp:attachment":[{"href":"https:\/\/www.xn--schlmmkreide-jcb.info\/index.php\/wp-json\/wp\/v2\/media?parent=7"}],"curies":[{"name":"wp","href":"https:\/\/api.w.org\/{rel}","templated":true}]}}